{"id":772,"date":"2025-01-26T22:26:59","date_gmt":"2025-01-26T21:26:59","guid":{"rendered":"https:\/\/aarebautrocknung.ch\/conditions-generales-de-vente\/"},"modified":"2025-01-26T22:26:59","modified_gmt":"2025-01-26T21:26:59","slug":"conditions-generales-de-vente","status":"publish","type":"page","link":"https:\/\/aarebautrocknung.ch\/fr\/conditions-generales-de-vente\/","title":{"rendered":"CONDITIONS G\u00c9N\u00c9RALES DE VENTE"},"content":{"rendered":"<p>[et_pb_section fb_built=\u00a0\u00bb1&Prime; custom_padding_last_edited=\u00a0\u00bbon|phone\u00a0\u00bb _builder_version=\u00a0\u00bb4.24.0&Prime; _module_preset=\u00a0\u00bbdefault\u00a0\u00bb background_color=\u00a0\u00bb#31343f\u00a0\u00bb use_background_color_gradient=\u00a0\u00bbon\u00a0\u00bb background_color_gradient_stops=\u00a0\u00bbrgba(56,181,234,0.63) 0%|rgba(13,13,102,0.97) 100%\u00a0\u00bb background_color_gradient_overlays_image=\u00a0\u00bbon\u00a0\u00bb background_image=\u00a0\u00bbhttps:\/\/aarebautrocknung.ch\/wp-content\/uploads\/2024\/10\/pexels-lum3n-44775-1028600.jpg\u00a0\u00bb parallax=\u00a0\u00bbon\u00a0\u00bb parallax_method=\u00a0\u00bboff\u00a0\u00bb height_phone=\u00a0\u00bb32vh\u00a0\u00bb height_last_edited=\u00a0\u00bboff|desktop\u00a0\u00bb custom_padding=\u00a0\u00bb6vh||6vh||true|false\u00a0\u00bb custom_padding_tablet=\u00a0\u00bb5vh||5vh||true|false\u00a0\u00bb custom_padding_phone=\u00a0\u00bb2vh||2vh||true|false\u00a0\u00bb locked=\u00a0\u00bboff\u00a0\u00bb global_colors_info=\u00a0\u00bb{}\u00a0\u00bb][et_pb_row _builder_version=\u00a0\u00bb4.24.0&Prime; _module_preset=\u00a0\u00bbdefault\u00a0\u00bb global_colors_info=\u00a0\u00bb{}\u00a0\u00bb][et_pb_column type=\u00a0\u00bb4_4&Prime; _builder_version=\u00a0\u00bb4.24.0&Prime; _module_preset=\u00a0\u00bbdefault\u00a0\u00bb global_colors_info=\u00a0\u00bb{}\u00a0\u00bb][et_pb_text _builder_version=\u00a0\u00bb4.24.0&Prime; _module_preset=\u00a0\u00bbdefault\u00a0\u00bb header_font=\u00a0\u00bb|600|||||||\u00a0\u00bb header_text_color=\u00a0\u00bbrgba(230,238,245,0.8)\u00a0\u00bb header_font_size=\u00a0\u00bb1.4rem\u00a0\u00bb header_line_height=\u00a0\u00bb1.1em\u00a0\u00bb header_2_font=\u00a0\u00bb|700|||||||\u00a0\u00bb header_2_text_color=\u00a0\u00bb#F3FAFD\u00a0\u00bb header_2_font_size=\u00a0\u00bb3.3rem\u00a0\u00bb header_6_font=\u00a0\u00bb|700||on|||||\u00a0\u00bb header_6_text_color=\u00a0\u00bb#FFFFFF\u00a0\u00bb header_6_font_size=\u00a0\u00bb1.1rem\u00a0\u00bb header_6_letter_spacing=\u00a0\u00bb1px\u00a0\u00bb custom_margin=\u00a0\u00bb||0px||false|false\u00a0\u00bb custom_padding=\u00a0\u00bb||||false|false\u00a0\u00bb animation_style=\u00a0\u00bbfade\u00a0\u00bb header_font_size_tablet=\u00a0\u00bb1.3rem\u00a0\u00bb header_font_size_phone=\u00a0\u00bb1rem\u00a0\u00bb header_font_size_last_edited=\u00a0\u00bbon|phone\u00a0\u00bb header_2_font_size_tablet=\u00a0\u00bb3rem\u00a0\u00bb header_2_font_size_phone=\u00a0\u00bb2.1rem\u00a0\u00bb header_2_font_size_last_edited=\u00a0\u00bbon|phone\u00a0\u00bb global_colors_info=\u00a0\u00bb{}\u00a0\u00bb]<\/p>\n<h6>Conditions g\u00e9n\u00e9rales &amp; conditions de location<\/h6>\n<h2><span class=\"aare\">aare<\/span> BAUTROCKNUNG<\/h2>\n<h1>Votre partenaire pour l&rsquo;ass\u00e8chement des b\u00e2timents dans la r\u00e9gion de Fribourg, Berne et Bienne<\/h1>\n<p>[\/et_pb_text][et_pb_blurb _builder_version=\u00a0\u00bb4.24.0&Prime; _module_preset=\u00a0\u00bbdefault\u00a0\u00bb global_colors_info=\u00a0\u00bb{}\u00a0\u00bb][\/et_pb_blurb][\/et_pb_column][\/et_pb_row][\/et_pb_section][et_pb_section fb_built=\u00a0\u00bb1&Prime; custom_padding_last_edited=\u00a0\u00bbon|desktop\u00a0\u00bb _builder_version=\u00a0\u00bb4.24.0&Prime; _module_preset=\u00a0\u00bbdefault\u00a0\u00bb custom_padding=\u00a0\u00bb||||false|false\u00a0\u00bb custom_padding_tablet=\u00a0\u00bb||||false|false\u00a0\u00bb custom_padding_phone=\u00a0\u00bb20px||20px||false|false\u00a0\u00bb global_colors_info=\u00a0\u00bb{}\u00a0\u00bb][et_pb_row _builder_version=\u00a0\u00bb4.24.0&Prime; _module_preset=\u00a0\u00bbdefault\u00a0\u00bb global_colors_info=\u00a0\u00bb{}\u00a0\u00bb][et_pb_column type=\u00a0\u00bb4_4&Prime; _builder_version=\u00a0\u00bb4.24.0&Prime; _module_preset=\u00a0\u00bbdefault\u00a0\u00bb global_colors_info=\u00a0\u00bb{}\u00a0\u00bb][et_pb_blurb title=\u00a0\u00bbCGV &amp; conditions de location\u00a0\u00bb image_icon_width=\u00a0\u00bb5rem\u00a0\u00bb content_max_width=\u00a0\u00bb100%\u00a0\u00bb _builder_version=\u00a0\u00bb4.24.0&Prime; _module_preset=\u00a0\u00bbdefault\u00a0\u00bb header_font=\u00a0\u00bb|600|||||||\u00a0\u00bb header_text_color=\u00a0\u00bb#02A6EB\u00a0\u00bb header_font_size=\u00a0\u00bb1.6rem\u00a0\u00bb body_text_color=\u00a0\u00bb#2E3A68&Prime; body_font_size=\u00a0\u00bb1rem\u00a0\u00bb body_link_text_color=\u00a0\u00bb#02A6EB\u00a0\u00bb background_color=\u00a0\u00bb#E6EEF5&Prime; image_icon_custom_margin=\u00a0\u00bb||-20px||false|false\u00a0\u00bb custom_padding=\u00a0\u00bb50px|50px|50px|50px|true|true\u00a0\u00bb header_font_size_tablet=\u00a0\u00bb1.6rem\u00a0\u00bb header_font_size_phone=\u00a0\u00bb1.4rem\u00a0\u00bb header_font_size_last_edited=\u00a0\u00bbon|phone\u00a0\u00bb locked=\u00a0\u00bboff\u00a0\u00bb global_colors_info=\u00a0\u00bb{}\u00a0\u00bb body_link_text_color__hover_enabled=\u00a0\u00bbon|desktop\u00a0\u00bb body_link_text_color__hover=\u00a0\u00bb#000066&Prime;]<\/p>\n<h4><\/h4>\n<h4><strong>1. dur\u00e9e de location<\/strong><\/h4>\n<p>La p\u00e9riode de location commence d\u00e8s que les objets lou\u00e9s quittent notre entrep\u00f4t et se termine \u00e0 leur retour. En cas de retour par nos services, un d\u00e9lai de pr\u00e9avis d&rsquo;un jour ouvrable s&rsquo;applique. Seuls les jours de location complets sont factur\u00e9s.  <\/p>\n<h4><strong>2. transport<\/strong><\/h4>\n<p>Les frais de transport aller et retour sont \u00e0 la charge du locataire.<\/p>\n<h4><strong>3. installation<\/strong><\/h4>\n<p>Le montage et le d\u00e9montage ainsi que les frais de grue, d&rsquo;ascenseur, de chariot \u00e9l\u00e9vateur et d&rsquo;aide ext\u00e9rieure sont \u00e0 la charge du locataire.<\/p>\n<h4><strong>4. frais de fonctionnement<\/strong><\/h4>\n<p>Les frais de combustible et d&rsquo;\u00e9lectricit\u00e9 sont \u00e9galement \u00e0 la charge du locataire. Sur demande, la consommation d&rsquo;\u00e9nergie peut \u00eatre indiqu\u00e9e s\u00e9par\u00e9ment. <\/p>\n<h4><strong>5. \u00e9tat de l&rsquo;appareil<\/strong><\/h4>\n<p>Les appareils et accessoires doivent \u00eatre conserv\u00e9s par le locataire dans l&rsquo;\u00e9tat o\u00f9 ils ont \u00e9t\u00e9 livr\u00e9s. Les co\u00fbts d&rsquo;un nettoyage approfondi en cas de salissures extr\u00eames ainsi que le pompage \u00e9ventuel de mazout sont \u00e0 la charge du locataire. <\/p>\n<h4><strong>6. panne de fonctionnement<\/strong><\/h4>\n<p>En cas de dysfonctionnement non imputable au locataire ou \u00e0 un tiers, les r\u00e9parations ou le remplacement de l&rsquo;objet lou\u00e9 sont effectu\u00e9s gratuitement. Pour la p\u00e9riode pendant laquelle l&rsquo;objet ne peut pas \u00eatre utilis\u00e9 en raison d&rsquo;une telle panne, un remplacement gratuit est effectu\u00e9 sur demande ou les jours de location concern\u00e9s ne sont pas factur\u00e9s. La condition est que la panne soit signal\u00e9e \u00e0 temps. Notre service n&rsquo;assume aucune responsabilit\u00e9 pour les d\u00e9sagr\u00e9ments subis par le locataire en raison d&rsquo;une perturbation de l&rsquo;exploitation.   <\/p>\n<h4><strong>7. d\u00e9pannage<\/strong><\/h4>\n<p>En r\u00e8gle g\u00e9n\u00e9rale, la r\u00e9paration des pannes est effectu\u00e9e exclusivement par notre entreprise. Dans le cas contraire, les frais de r\u00e9paration sont \u00e0 la charge du locataire. En cas d&rsquo;urgence, les pannes de br\u00fbleurs des automates de chauffage \u00e0 air \u00e9quip\u00e9s de br\u00fbleurs ELCO peuvent \u00eatre r\u00e9par\u00e9es par le service ELCO en dehors des heures de bureau.  <\/p>\n<h4><strong>8. responsabilit\u00e9 du locataire<\/strong><\/h4>\n<p>Le locataire est responsable de la r\u00e9paration des pannes et des dommages r\u00e9sultant des causes suivantes : interruption de la fourniture de courant, interrupteurs principaux ou appareils de r\u00e9gulation (thermostats, hygrostats) d\u00e9connect\u00e9s, alimentation \u00e9lectrique d\u00e9fectueuse, r\u00e9servoirs de combustible vides, impuret\u00e9s du combustible, accumulation excessive de poussi\u00e8re, manque d&rsquo;oxyg\u00e8ne, eau dans le r\u00e9servoir de combustible, utilisation non conforme, dommages intentionnels ou dus \u00e0 une n\u00e9gligence grave, modifications de la viscosit\u00e9 du combustible en cas de froid (en cas de temp\u00e9ratures inf\u00e9rieures \u00e0 0 \u00b0C, l&rsquo;utilisation d&rsquo;un additif pour le froid ou de mazout r\u00e9sistant au gel est n\u00e9cessaire), gaz ou vapeurs nocifs ainsi que dommages dus au transport ou au vol.<\/p>\n<h4><strong>9. dommages indirects<\/strong><\/h4>\n<p>Les dommages survenant \u00e0 la suite d&rsquo;un dysfonctionnement doivent \u00eatre signal\u00e9s imm\u00e9diatement. Apr\u00e8s l&rsquo;invisibilit\u00e9 du dommage, il n&rsquo;est plus possible de faire valoir des pr\u00e9tentions en responsabilit\u00e9 civile. Les demandes d&rsquo;indemnisation pour perte de production ou de b\u00e9n\u00e9fice sont exclues. Les dommages caus\u00e9s par des changements de temp\u00e9rature ou d&rsquo;humidit\u00e9 (p. ex. fissures de tension) ne sont pas couverts par les droits de garantie.   <\/p>\n<h4><strong>10e garantie<\/strong><\/h4>\n<p>Aucune garantie ne peut \u00eatre accord\u00e9e pour les travaux de chauffage de chantier et de s\u00e9chage de locaux. Pour les travaux de s\u00e9chage sur les isolations, les d\u00e9lais de garantie selon la SIA s&rsquo;appliquent. La condition pr\u00e9alable est l&rsquo;\u00e9limination durable de la cause du dommage avant l&rsquo;ex\u00e9cution des travaux de s\u00e9chage. Pour les applications, les rev\u00eatements et les superstructures sur des supports s\u00e9ch\u00e9s par nos soins, les droits de garantie sont exclus.   <\/p>\n<h4><strong>11. paiement<\/strong><\/h4>\n<p>En r\u00e8gle g\u00e9n\u00e9rale, le loyer est factur\u00e9 \u00e0 la fin de chaque mois civil et est payable dans les 14 jours sans d\u00e9duction. En cas de travaux de montage, un acompte de 50% du montant total doit \u00eatre vers\u00e9 \u00e0 l&rsquo;avance. Tous les prix sont bas\u00e9s sur une offre individuelle.  <\/p>\n<p>En outre, les prix suivants s&rsquo;appliquent aux expertises et au service de ramassage :<br \/>&#8211; Les frais du service de ramassage en dehors des heures de travail habituelles (de 18h00 \u00e0 7h30) s&rsquo;\u00e9l\u00e8vent \u00e0 250 CHF pour la premi\u00e8re heure.<br \/>&#8211; Les week-ends et les jours f\u00e9ri\u00e9s, un suppl\u00e9ment de 100% est appliqu\u00e9 sur les prix r\u00e9guliers.<\/p>\n<h4><strong>Clause de non-responsabilit\u00e9 :<\/strong><\/h4>\n<p>Cette documentation sur les dommages ne constitue pas une expertise. Veuillez noter que chaque description de dommage refl\u00e8te une situation de construction momentan\u00e9e, existante au moment de l&rsquo;expertise. La documentation ne doit \u00eatre utilis\u00e9e qu&rsquo;en interne. L&rsquo;Aare Bautrocknung GmbH \u00e9tablit toujours la documentation en son \u00e2me et conscience, sur la base des informations disponibles, mais ne peut \u00eatre tenue pour responsable des informations qu&rsquo;elle contient. Cela vaut \u00e9galement pour les rapports sur les d\u00e9g\u00e2ts des eaux.    <\/p>\n<p>&nbsp;<\/p>\n<p>[\/et_pb_blurb][\/et_pb_column][\/et_pb_row][\/et_pb_section]<\/p>\n","protected":false},"excerpt":{"rendered":"<p>Conditions g\u00e9n\u00e9rales &amp; conditions de location aare BAUTROCKNUNG Votre partenaire pour l&rsquo;ass\u00e8chement des b\u00e2timents dans la r\u00e9gion de Fribourg, Berne et Bienne 1. dur\u00e9e de location La p\u00e9riode de location commence d\u00e8s que les objets lou\u00e9s quittent notre entrep\u00f4t et se termine \u00e0 leur retour. En cas de retour par nos services, un d\u00e9lai de [&hellip;]<\/p>\n","protected":false},"author":1,"featured_media":0,"parent":0,"menu_order":0,"comment_status":"closed","ping_status":"closed","template":"","meta":{"_et_pb_use_builder":"on","_et_pb_old_content":"","_et_gb_content_width":"","footnotes":""},"class_list":["post-772","page","type-page","status-publish","hentry"],"yoast_head":"<!-- This site is optimized with the Yoast SEO plugin v27.3 - https:\/\/yoast.com\/product\/yoast-seo-wordpress\/ -->\n<title>CONDITIONS G\u00c9N\u00c9RALES DE VENTE - aare bautrocknung gmbh<\/title>\n<meta name=\"description\" content=\"Informez-vous sur nos conditions g\u00e9n\u00e9rales de vente - aare bautrocknung gmbh - Votre partenaire pour l&#039;ass\u00e8chement des constructions\" \/>\n<meta name=\"robots\" content=\"index, follow, max-snippet:-1, max-image-preview:large, max-video-preview:-1\" \/>\n<link rel=\"canonical\" href=\"https:\/\/aarebautrocknung.ch\/fr\/conditions-generales-de-vente\/\" \/>\n<meta property=\"og:locale\" content=\"fr_FR\" \/>\n<meta property=\"og:type\" content=\"article\" \/>\n<meta property=\"og:title\" content=\"CONDITIONS G\u00c9N\u00c9RALES DE VENTE - aare bautrocknung gmbh\" \/>\n<meta property=\"og:description\" content=\"Informez-vous sur nos conditions g\u00e9n\u00e9rales de vente - aare bautrocknung gmbh - Votre partenaire pour l&#039;ass\u00e8chement des constructions\" \/>\n<meta property=\"og:url\" content=\"https:\/\/aarebautrocknung.ch\/fr\/conditions-generales-de-vente\/\" \/>\n<meta property=\"og:site_name\" content=\"aare bautrocknung gmbh\" \/>\n<meta property=\"article:publisher\" content=\"https:\/\/www.facebook.com\/profile.php?id=100063608648720\" \/>\n<meta name=\"twitter:card\" content=\"summary_large_image\" \/>\n<meta name=\"twitter:label1\" content=\"Dur\u00e9e de lecture estim\u00e9e\" \/>\n\t<meta name=\"twitter:data1\" content=\"6 minutes\" \/>\n<script type=\"application\/ld+json\" class=\"yoast-schema-graph\">{\"@context\":\"https:\\\/\\\/schema.org\",\"@graph\":[{\"@type\":\"WebPage\",\"@id\":\"https:\\\/\\\/aarebautrocknung.ch\\\/fr\\\/conditions-generales-de-vente\\\/\",\"url\":\"https:\\\/\\\/aarebautrocknung.ch\\\/fr\\\/conditions-generales-de-vente\\\/\",\"name\":\"CONDITIONS G\u00c9N\u00c9RALES DE VENTE - aare bautrocknung gmbh\",\"isPartOf\":{\"@id\":\"https:\\\/\\\/aarebautrocknung.ch\\\/fr\\\/#website\"},\"datePublished\":\"2025-01-26T21:26:59+00:00\",\"description\":\"Informez-vous sur nos conditions g\u00e9n\u00e9rales de vente - aare bautrocknung gmbh - Votre partenaire pour l'ass\u00e8chement des constructions\",\"breadcrumb\":{\"@id\":\"https:\\\/\\\/aarebautrocknung.ch\\\/fr\\\/conditions-generales-de-vente\\\/#breadcrumb\"},\"inLanguage\":\"fr-FR\",\"potentialAction\":[{\"@type\":\"ReadAction\",\"target\":[\"https:\\\/\\\/aarebautrocknung.ch\\\/fr\\\/conditions-generales-de-vente\\\/\"]}]},{\"@type\":\"BreadcrumbList\",\"@id\":\"https:\\\/\\\/aarebautrocknung.ch\\\/fr\\\/conditions-generales-de-vente\\\/#breadcrumb\",\"itemListElement\":[{\"@type\":\"ListItem\",\"position\":1,\"name\":\"Startseite\",\"item\":\"https:\\\/\\\/aarebautrocknung.ch\\\/fr\\\/page-daccueil\\\/\"},{\"@type\":\"ListItem\",\"position\":2,\"name\":\"CONDITIONS G\u00c9N\u00c9RALES DE VENTE\"}]},{\"@type\":\"WebSite\",\"@id\":\"https:\\\/\\\/aarebautrocknung.ch\\\/fr\\\/#website\",\"url\":\"https:\\\/\\\/aarebautrocknung.ch\\\/fr\\\/\",\"name\":\"aare bautrocknung gmbh\",\"description\":\"Bau &amp; Trocknung-Service\",\"publisher\":{\"@id\":\"https:\\\/\\\/aarebautrocknung.ch\\\/fr\\\/#organization\"},\"potentialAction\":[{\"@type\":\"SearchAction\",\"target\":{\"@type\":\"EntryPoint\",\"urlTemplate\":\"https:\\\/\\\/aarebautrocknung.ch\\\/fr\\\/?s={search_term_string}\"},\"query-input\":{\"@type\":\"PropertyValueSpecification\",\"valueRequired\":true,\"valueName\":\"search_term_string\"}}],\"inLanguage\":\"fr-FR\"},{\"@type\":\"Organization\",\"@id\":\"https:\\\/\\\/aarebautrocknung.ch\\\/fr\\\/#organization\",\"name\":\"aare bautrocknung gmbh\",\"url\":\"https:\\\/\\\/aarebautrocknung.ch\\\/fr\\\/\",\"logo\":{\"@type\":\"ImageObject\",\"inLanguage\":\"fr-FR\",\"@id\":\"https:\\\/\\\/aarebautrocknung.ch\\\/fr\\\/#\\\/schema\\\/logo\\\/image\\\/\",\"url\":\"https:\\\/\\\/aarebautrocknung.ch\\\/wp-content\\\/uploads\\\/2025\\\/02\\\/Logo-aare-bautrocknung-gmbh.jpg\",\"contentUrl\":\"https:\\\/\\\/aarebautrocknung.ch\\\/wp-content\\\/uploads\\\/2025\\\/02\\\/Logo-aare-bautrocknung-gmbh.jpg\",\"width\":600,\"height\":211,\"caption\":\"aare bautrocknung gmbh\"},\"image\":{\"@id\":\"https:\\\/\\\/aarebautrocknung.ch\\\/fr\\\/#\\\/schema\\\/logo\\\/image\\\/\"},\"sameAs\":[\"https:\\\/\\\/www.facebook.com\\\/profile.php?id=100063608648720\",\"https:\\\/\\\/www.linkedin.com\\\/in\\\/francesco-innocente-38595117a\\\/\",\"https:\\\/\\\/www.instagram.com\\\/aare_bautrocknung_gmbh\\\/\"]}]}<\/script>\n<!-- \/ Yoast SEO plugin. -->","yoast_head_json":{"title":"CONDITIONS G\u00c9N\u00c9RALES DE VENTE - aare bautrocknung gmbh","description":"Informez-vous sur nos conditions g\u00e9n\u00e9rales de vente - aare bautrocknung gmbh - Votre partenaire pour l'ass\u00e8chement des constructions","robots":{"index":"index","follow":"follow","max-snippet":"max-snippet:-1","max-image-preview":"max-image-preview:large","max-video-preview":"max-video-preview:-1"},"canonical":"https:\/\/aarebautrocknung.ch\/fr\/conditions-generales-de-vente\/","og_locale":"fr_FR","og_type":"article","og_title":"CONDITIONS G\u00c9N\u00c9RALES DE VENTE - aare bautrocknung gmbh","og_description":"Informez-vous sur nos conditions g\u00e9n\u00e9rales de vente - aare bautrocknung gmbh - Votre partenaire pour l'ass\u00e8chement des constructions","og_url":"https:\/\/aarebautrocknung.ch\/fr\/conditions-generales-de-vente\/","og_site_name":"aare bautrocknung gmbh","article_publisher":"https:\/\/www.facebook.com\/profile.php?id=100063608648720","twitter_card":"summary_large_image","twitter_misc":{"Dur\u00e9e de lecture estim\u00e9e":"6 minutes"},"schema":{"@context":"https:\/\/schema.org","@graph":[{"@type":"WebPage","@id":"https:\/\/aarebautrocknung.ch\/fr\/conditions-generales-de-vente\/","url":"https:\/\/aarebautrocknung.ch\/fr\/conditions-generales-de-vente\/","name":"CONDITIONS G\u00c9N\u00c9RALES DE VENTE - aare bautrocknung gmbh","isPartOf":{"@id":"https:\/\/aarebautrocknung.ch\/fr\/#website"},"datePublished":"2025-01-26T21:26:59+00:00","description":"Informez-vous sur nos conditions g\u00e9n\u00e9rales de vente - aare bautrocknung gmbh - Votre partenaire pour l'ass\u00e8chement des constructions","breadcrumb":{"@id":"https:\/\/aarebautrocknung.ch\/fr\/conditions-generales-de-vente\/#breadcrumb"},"inLanguage":"fr-FR","potentialAction":[{"@type":"ReadAction","target":["https:\/\/aarebautrocknung.ch\/fr\/conditions-generales-de-vente\/"]}]},{"@type":"BreadcrumbList","@id":"https:\/\/aarebautrocknung.ch\/fr\/conditions-generales-de-vente\/#breadcrumb","itemListElement":[{"@type":"ListItem","position":1,"name":"Startseite","item":"https:\/\/aarebautrocknung.ch\/fr\/page-daccueil\/"},{"@type":"ListItem","position":2,"name":"CONDITIONS G\u00c9N\u00c9RALES DE VENTE"}]},{"@type":"WebSite","@id":"https:\/\/aarebautrocknung.ch\/fr\/#website","url":"https:\/\/aarebautrocknung.ch\/fr\/","name":"aare bautrocknung gmbh","description":"Bau &amp; Trocknung-Service","publisher":{"@id":"https:\/\/aarebautrocknung.ch\/fr\/#organization"},"potentialAction":[{"@type":"SearchAction","target":{"@type":"EntryPoint","urlTemplate":"https:\/\/aarebautrocknung.ch\/fr\/?s={search_term_string}"},"query-input":{"@type":"PropertyValueSpecification","valueRequired":true,"valueName":"search_term_string"}}],"inLanguage":"fr-FR"},{"@type":"Organization","@id":"https:\/\/aarebautrocknung.ch\/fr\/#organization","name":"aare bautrocknung gmbh","url":"https:\/\/aarebautrocknung.ch\/fr\/","logo":{"@type":"ImageObject","inLanguage":"fr-FR","@id":"https:\/\/aarebautrocknung.ch\/fr\/#\/schema\/logo\/image\/","url":"https:\/\/aarebautrocknung.ch\/wp-content\/uploads\/2025\/02\/Logo-aare-bautrocknung-gmbh.jpg","contentUrl":"https:\/\/aarebautrocknung.ch\/wp-content\/uploads\/2025\/02\/Logo-aare-bautrocknung-gmbh.jpg","width":600,"height":211,"caption":"aare bautrocknung gmbh"},"image":{"@id":"https:\/\/aarebautrocknung.ch\/fr\/#\/schema\/logo\/image\/"},"sameAs":["https:\/\/www.facebook.com\/profile.php?id=100063608648720","https:\/\/www.linkedin.com\/in\/francesco-innocente-38595117a\/","https:\/\/www.instagram.com\/aare_bautrocknung_gmbh\/"]}]}},"_links":{"self":[{"href":"https:\/\/aarebautrocknung.ch\/fr\/wp-json\/wp\/v2\/pages\/772","targetHints":{"allow":["GET"]}}],"collection":[{"href":"https:\/\/aarebautrocknung.ch\/fr\/wp-json\/wp\/v2\/pages"}],"about":[{"href":"https:\/\/aarebautrocknung.ch\/fr\/wp-json\/wp\/v2\/types\/page"}],"author":[{"embeddable":true,"href":"https:\/\/aarebautrocknung.ch\/fr\/wp-json\/wp\/v2\/users\/1"}],"replies":[{"embeddable":true,"href":"https:\/\/aarebautrocknung.ch\/fr\/wp-json\/wp\/v2\/comments?post=772"}],"version-history":[{"count":0,"href":"https:\/\/aarebautrocknung.ch\/fr\/wp-json\/wp\/v2\/pages\/772\/revisions"}],"wp:attachment":[{"href":"https:\/\/aarebautrocknung.ch\/fr\/wp-json\/wp\/v2\/media?parent=772"}],"curies":[{"name":"wp","href":"https:\/\/api.w.org\/{rel}","templated":true}]}}