{"id":773,"date":"2025-01-26T22:26:59","date_gmt":"2025-01-26T21:26:59","guid":{"rendered":"https:\/\/aarebautrocknung.ch\/gtc\/"},"modified":"2025-01-26T22:26:59","modified_gmt":"2025-01-26T21:26:59","slug":"gtc","status":"publish","type":"page","link":"https:\/\/aarebautrocknung.ch\/it\/gtc\/","title":{"rendered":"GTC"},"content":{"rendered":"<p>[et_pb_section fb_built=&#8221;1&#8243; custom_padding_last_edited=&#8221;on|phone&#8221; _builder_version=&#8221;4.24.0&#8243; _module_preset=&#8221;default&#8221; background_color=&#8221;#31343f&#8221; use_background_color_gradient=&#8221;on&#8221; background_color_gradient_stops=&#8221;rgba(56,181,234,0.63) 0%|rgba(13,13,102,0.97) 100%&#8221; background_color_gradient_overlays_image=&#8221;on&#8221; background_image=&#8221;https:\/\/aarebautrocknung.ch\/wp-content\/uploads\/2024\/10\/pexels-lum3n-44775-1028600.jpg&#8221; parallax=&#8221;on&#8221; parallax_method=&#8221;off&#8221; height_phone=&#8221;32vh&#8221; height_last_edited=&#8221;off|desktop&#8221; custom_padding=&#8221;6vh||6vh||true|false&#8221; custom_padding_tablet=&#8221;5vh||5vh||true|false&#8221; custom_padding_phone=&#8221;2vh||2vh||true|false&#8221; locked=&#8221;off&#8221; global_colors_info=&#8221;{}&#8221;][et_pb_row _builder_version=&#8221;4.24.0&#8243; _module_preset=&#8221;default&#8221; global_colors_info=&#8221;{}&#8221;][et_pb_column type=&#8221;4_4&#8243; _builder_version=&#8221;4.24.0&#8243; _module_preset=&#8221;default&#8221; global_colors_info=&#8221;{}&#8221;][et_pb_text _builder_version=&#8221;4.24.0&#8243; _module_preset=&#8221;default&#8221; header_font=&#8221;|600|||||||&#8221; header_text_color=&#8221;rgba(230,238,245,0.8)&#8221; header_font_size=&#8221;1.4rem&#8221; header_line_height=&#8221;1.1em&#8221; header_2_font=&#8221;|700|||||||&#8221; header_2_text_color=&#8221;#F3FAFD&#8221; header_2_font_size=&#8221;3.3rem&#8221; header_6_font=&#8221;|700||on|||||&#8221; header_6_text_color=&#8221;#FFFFFF&#8221; header_6_font_size=&#8221;1.1rem&#8221; header_6_letter_spacing=&#8221;1px&#8221; custom_margin=&#8221;||0px||false|false&#8221; custom_padding=&#8221;||||false|false&#8221; animation_style=&#8221;fade&#8221; header_font_size_tablet=&#8221;1.3rem&#8221; header_font_size_phone=&#8221;1rem&#8221; header_font_size_last_edited=&#8221;on|phone&#8221; header_2_font_size_tablet=&#8221;3rem&#8221; header_2_font_size_phone=&#8221;2.1rem&#8221; header_2_font_size_last_edited=&#8221;on|phone&#8221; global_colors_info=&#8221;{}&#8221;]<\/p>\n<h6>Condizioni generali e condizioni di noleggio<\/h6>\n<h2><span class=\"aare\">aare<\/span> BAUTROCKNUNG<\/h2>\n<h1>Il vostro partner per l&#8217;essiccazione delle costruzioni nella regione di Friburgo, Berna e Biel<\/h1>\n<p>[\/et_pb_text][et_pb_blurb _builder_version=&#8221;4.24.0&#8243; _module_preset=&#8221;default&#8221; global_colors_info=&#8221;{}&#8221;][\/et_pb_blurb][\/et_pb_column][\/et_pb_row][\/et_pb_section][et_pb_section fb_built=&#8221;1&#8243; custom_padding_last_edited=&#8221;on|desktop&#8221; _builder_version=&#8221;4.24.0&#8243; _module_preset=&#8221;default&#8221; custom_padding=&#8221;||||false|false&#8221; custom_padding_tablet=&#8221;||||false|false&#8221; custom_padding_phone=&#8221;20px||20px||false|false&#8221; global_colors_info=&#8221;{}&#8221;][et_pb_row _builder_version=&#8221;4.24.0&#8243; _module_preset=&#8221;default&#8221; global_colors_info=&#8221;{}&#8221;][et_pb_column type=&#8221;4_4&#8243; _builder_version=&#8221;4.24.0&#8243; _module_preset=&#8221;default&#8221; global_colors_info=&#8221;{}&#8221;][et_pb_blurb title=&#8221;AGB e condizioni di noleggio&#8221; image_icon_width=&#8221;5rem&#8221; content_max_width=&#8221;100%&#8221; _builder_version=&#8221;4.24.0&#8243; _module_preset=&#8221;default&#8221; header_font=&#8221;|600|||||||&#8221; header_text_color=&#8221;#02A6EB&#8221; header_font_size=&#8221;1.6rem&#8221; body_text_color=&#8221;#2E3A68&#8243; body_font_size=&#8221;1rem&#8221; body_link_text_color=&#8221;#02A6EB&#8221; background_color=&#8221;#E6EEF5&#8243; image_icon_custom_margin=&#8221;||-20px||false|false&#8221; custom_padding=&#8221;50px|50px|50px|50px|true|true&#8221; header_font_size_tablet=&#8221;1.6rem&#8221; header_font_size_phone=&#8221;1.4rem&#8221; header_font_size_last_edited=&#8221;on|phone&#8221; locked=&#8221;off&#8221; global_colors_info=&#8221;{}&#8221; body_link_text_color__hover_enabled=&#8221;on|desktop&#8221; body_link_text_color__hover=&#8221;#000066&#8243;]<\/p>\n<h4><\/h4>\n<h4><strong>1. periodo di noleggio<\/strong><\/h4>\n<p>Il periodo di noleggio inizia dal momento in cui gli articoli a noleggio lasciano il nostro magazzino e termina al momento della restituzione. In caso di trasporto di ritorno da parte del nostro servizio, si applica un termine di cancellazione di un giorno lavorativo. Verranno addebitati solo i giorni di noleggio completi.  <\/p>\n<h4><strong>2. trasporto<\/strong><\/h4>\n<p>Le spese per il trasporto di andata e ritorno sono a carico del noleggiatore.<\/p>\n<h4><strong>3. Installazione<\/strong><\/h4>\n<p>Il montaggio e lo smontaggio, nonch\u00e9 i costi per gru, ascensori, carrelli elevatori e assistenza esterna sono a carico dell&#8217;affittuario.<\/p>\n<h4><strong>4. costi operativi<\/strong><\/h4>\n<p>Anche i costi del carburante e dell&#8217;elettricit\u00e0 sono a carico dell&#8217;inquilino. Il consumo energetico pu\u00f2 essere indicato separatamente su richiesta. <\/p>\n<h4><strong>5. Stato del dispositivo<\/strong><\/h4>\n<p>Gli elettrodomestici e gli accessori devono essere mantenuti dall&#8217;affittuario nelle condizioni in cui sono stati consegnati. I costi per una pulizia accurata in caso di sporco estremo e per l&#8217;eventuale pompaggio dell&#8217;olio da riscaldamento sono a carico del locatario. <\/p>\n<h4><strong>6. malfunzionamento<\/strong><\/h4>\n<p>In caso di malfunzionamenti non imputabili al locatario o a terzi, le riparazioni o le sostituzioni dell&#8217;oggetto in affitto saranno effettuate gratuitamente. Per il periodo in cui l&#8217;immobile non pu\u00f2 essere utilizzato a causa di tale malfunzionamento, su richiesta verr\u00e0 consegnata una sostituzione gratuita o non verranno addebitati i relativi giorni di locazione. Il presupposto \u00e8 la notifica tempestiva del guasto. Il nostro servizio non si assume alcuna responsabilit\u00e0 per eventuali disagi causati all&#8217;inquilino a causa di un malfunzionamento.   <\/p>\n<h4><strong>7. Risoluzione dei problemi<\/strong><\/h4>\n<p>Di norma, i guasti vengono riparati esclusivamente dalla nostra azienda. In caso contrario, i costi di riparazione sono a carico dell&#8217;inquilino. In casi urgenti, i guasti ai bruciatori dei riscaldatori d&#8217;aria con bruciatori ELCO possono essere riparati dal centro di assistenza ELCO al di fuori dell&#8217;orario di lavoro.  <\/p>\n<h4><strong>8 Responsabilit\u00e0 del locatario<\/strong><\/h4>\n<p>Il locatario \u00e8 responsabile della riparazione di guasti e danni derivanti dalle seguenti cause: Interruzione dell&#8217;alimentazione elettrica, interruttori principali spenti o dispositivi di controllo (termostati, igrostati), alimentazione elettrica difettosa, serbatoi del carburante vuoti, contaminazione del carburante, accumulo eccessivo di polvere, mancanza di ossigeno, acqua nel serbatoio del carburante, funzionamento improprio, danni intenzionali o per grave negligenza, variazioni della viscosit\u00e0 del carburante in caso di freddo (a temperature inferiori a 0 \u00b0C \u00e8 necessario l&#8217;uso di un additivo per il freddo o di olio da riscaldamento antigelo), gas o vapori nocivi nonch\u00e9 danni da trasporto e furto.<\/p>\n<h4><strong>9. danni conseguenti<\/strong><\/h4>\n<p>I danni causati da malfunzionamenti devono essere segnalati immediatamente. Non \u00e8 possibile avanzare richieste di risarcimento dopo che il danno \u00e8 diventato invisibile. Sono escluse le richieste di risarcimento per perdita di produzione e di profitto. I danni causati da variazioni di temperatura o umidit\u00e0 (ad esempio, crepe da stress) non sono coperti da garanzia.   <\/p>\n<h4><strong>10. Garanzia<\/strong><\/h4>\n<p>Non possono essere concessi diritti di garanzia per i lavori di riscaldamento edile e di asciugatura dei locali. Per i lavori di asciugatura dell&#8217;isolamento si applicano i periodi di garanzia previsti dalla norma SIA. Il prerequisito \u00e8 l&#8217;eliminazione permanente della causa del danno prima dell&#8217;esecuzione dei lavori di asciugatura. Le richieste di garanzia sono escluse per applicazioni, coperture e sovrastrutture su substrati essiccati da noi.   <\/p>\n<h4><strong>11. pagamento<\/strong><\/h4>\n<p>L&#8217;affitto viene generalmente fatturato alla fine di ogni mese solare ed \u00e8 pagabile entro 14 giorni senza detrazioni. Per i lavori di installazione \u00e8 necessario versare in anticipo un acconto pari al 50% dell&#8217;importo totale. Tutti i prezzi si basano su preventivi individuali.  <\/p>\n<p>Inoltre, per le perizie e il servizio di picchetto si applicano i seguenti prezzi:<br \/>&#8211; Il costo del servizio di picchetto al di fuori del normale orario di lavoro (dalle 18.00 alle 7.30) \u00e8 di 250 franchi svizzeri per la prima ora.<br \/>&#8211; Nei fine settimana e nei giorni festivi viene applicato un supplemento del 100% sui prezzi normali.<\/p>\n<h4><strong>Esclusione di responsabilit\u00e0:<\/strong><\/h4>\n<p>La presente documentazione dei danni non costituisce una perizia. Si noti che ogni descrizione dei danni riflette la situazione strutturale attuale al momento della perizia. La documentazione deve essere utilizzata solo internamente. Aare Bautrocknung GmbH redige la documentazione al meglio delle proprie conoscenze e convinzioni, sulla base delle informazioni disponibili, ma non pu\u00f2 essere ritenuta responsabile sulla base delle informazioni in essa contenute. Ci\u00f2 vale anche per i rapporti sui danni causati dall&#8217;acqua.    <\/p>\n<p>&nbsp;<\/p>\n<p>[\/et_pb_blurb][\/et_pb_column][\/et_pb_row][\/et_pb_section]<\/p>\n","protected":false},"excerpt":{"rendered":"<p>Condizioni generali e condizioni di noleggio aare BAUTROCKNUNG Il vostro partner per l&#8217;essiccazione delle costruzioni nella regione di Friburgo, Berna e Biel 1. periodo di noleggio Il periodo di noleggio inizia dal momento in cui gli articoli a noleggio lasciano il nostro magazzino e termina al momento della restituzione. In caso di trasporto di ritorno [&hellip;]<\/p>\n","protected":false},"author":1,"featured_media":0,"parent":0,"menu_order":0,"comment_status":"closed","ping_status":"closed","template":"","meta":{"_et_pb_use_builder":"on","_et_pb_old_content":"","_et_gb_content_width":"","footnotes":""},"class_list":["post-773","page","type-page","status-publish","hentry"],"yoast_head":"<!-- This site is optimized with the Yoast SEO plugin v27.3 - https:\/\/yoast.com\/product\/yoast-seo-wordpress\/ -->\n<title>GTC - aare bautrocknung gmbh<\/title>\n<meta name=\"description\" content=\"Scopri le nostre condizioni generali - aare bautrocknung gmbh - Il vostro partner per l&#039;essiccazione degli edifici\" \/>\n<meta name=\"robots\" content=\"index, follow, max-snippet:-1, max-image-preview:large, max-video-preview:-1\" \/>\n<link rel=\"canonical\" href=\"https:\/\/aarebautrocknung.ch\/it\/gtc\/\" \/>\n<meta property=\"og:locale\" content=\"it_IT\" \/>\n<meta property=\"og:type\" content=\"article\" \/>\n<meta property=\"og:title\" content=\"GTC - aare bautrocknung gmbh\" \/>\n<meta property=\"og:description\" content=\"Scopri le nostre condizioni generali - aare bautrocknung gmbh - Il vostro partner per l&#039;essiccazione degli edifici\" \/>\n<meta property=\"og:url\" content=\"https:\/\/aarebautrocknung.ch\/it\/gtc\/\" \/>\n<meta property=\"og:site_name\" content=\"aare bautrocknung gmbh\" \/>\n<meta property=\"article:publisher\" content=\"https:\/\/www.facebook.com\/profile.php?id=100063608648720\" \/>\n<meta name=\"twitter:card\" content=\"summary_large_image\" \/>\n<meta name=\"twitter:label1\" content=\"Tempo di lettura stimato\" \/>\n\t<meta name=\"twitter:data1\" content=\"5 minuti\" \/>\n<script type=\"application\/ld+json\" class=\"yoast-schema-graph\">{\"@context\":\"https:\\\/\\\/schema.org\",\"@graph\":[{\"@type\":\"WebPage\",\"@id\":\"https:\\\/\\\/aarebautrocknung.ch\\\/it\\\/gtc\\\/\",\"url\":\"https:\\\/\\\/aarebautrocknung.ch\\\/it\\\/gtc\\\/\",\"name\":\"GTC - aare bautrocknung gmbh\",\"isPartOf\":{\"@id\":\"https:\\\/\\\/aarebautrocknung.ch\\\/it\\\/#website\"},\"datePublished\":\"2025-01-26T21:26:59+00:00\",\"description\":\"Scopri le nostre condizioni generali - aare bautrocknung gmbh - Il vostro partner per l'essiccazione degli edifici\",\"breadcrumb\":{\"@id\":\"https:\\\/\\\/aarebautrocknung.ch\\\/it\\\/gtc\\\/#breadcrumb\"},\"inLanguage\":\"it-IT\",\"potentialAction\":[{\"@type\":\"ReadAction\",\"target\":[\"https:\\\/\\\/aarebautrocknung.ch\\\/it\\\/gtc\\\/\"]}]},{\"@type\":\"BreadcrumbList\",\"@id\":\"https:\\\/\\\/aarebautrocknung.ch\\\/it\\\/gtc\\\/#breadcrumb\",\"itemListElement\":[{\"@type\":\"ListItem\",\"position\":1,\"name\":\"Startseite\",\"item\":\"https:\\\/\\\/aarebautrocknung.ch\\\/it\\\/pagina-iniziale\\\/\"},{\"@type\":\"ListItem\",\"position\":2,\"name\":\"GTC\"}]},{\"@type\":\"WebSite\",\"@id\":\"https:\\\/\\\/aarebautrocknung.ch\\\/it\\\/#website\",\"url\":\"https:\\\/\\\/aarebautrocknung.ch\\\/it\\\/\",\"name\":\"aare bautrocknung gmbh\",\"description\":\"Bau &amp; Trocknung-Service\",\"publisher\":{\"@id\":\"https:\\\/\\\/aarebautrocknung.ch\\\/it\\\/#organization\"},\"potentialAction\":[{\"@type\":\"SearchAction\",\"target\":{\"@type\":\"EntryPoint\",\"urlTemplate\":\"https:\\\/\\\/aarebautrocknung.ch\\\/it\\\/?s={search_term_string}\"},\"query-input\":{\"@type\":\"PropertyValueSpecification\",\"valueRequired\":true,\"valueName\":\"search_term_string\"}}],\"inLanguage\":\"it-IT\"},{\"@type\":\"Organization\",\"@id\":\"https:\\\/\\\/aarebautrocknung.ch\\\/it\\\/#organization\",\"name\":\"aare bautrocknung gmbh\",\"url\":\"https:\\\/\\\/aarebautrocknung.ch\\\/it\\\/\",\"logo\":{\"@type\":\"ImageObject\",\"inLanguage\":\"it-IT\",\"@id\":\"https:\\\/\\\/aarebautrocknung.ch\\\/it\\\/#\\\/schema\\\/logo\\\/image\\\/\",\"url\":\"https:\\\/\\\/aarebautrocknung.ch\\\/wp-content\\\/uploads\\\/2025\\\/02\\\/Logo-aare-bautrocknung-gmbh.jpg\",\"contentUrl\":\"https:\\\/\\\/aarebautrocknung.ch\\\/wp-content\\\/uploads\\\/2025\\\/02\\\/Logo-aare-bautrocknung-gmbh.jpg\",\"width\":600,\"height\":211,\"caption\":\"aare bautrocknung gmbh\"},\"image\":{\"@id\":\"https:\\\/\\\/aarebautrocknung.ch\\\/it\\\/#\\\/schema\\\/logo\\\/image\\\/\"},\"sameAs\":[\"https:\\\/\\\/www.facebook.com\\\/profile.php?id=100063608648720\",\"https:\\\/\\\/www.linkedin.com\\\/in\\\/francesco-innocente-38595117a\\\/\",\"https:\\\/\\\/www.instagram.com\\\/aare_bautrocknung_gmbh\\\/\"]}]}<\/script>\n<!-- \/ Yoast SEO plugin. -->","yoast_head_json":{"title":"GTC - aare bautrocknung gmbh","description":"Scopri le nostre condizioni generali - aare bautrocknung gmbh - Il vostro partner per l'essiccazione degli edifici","robots":{"index":"index","follow":"follow","max-snippet":"max-snippet:-1","max-image-preview":"max-image-preview:large","max-video-preview":"max-video-preview:-1"},"canonical":"https:\/\/aarebautrocknung.ch\/it\/gtc\/","og_locale":"it_IT","og_type":"article","og_title":"GTC - aare bautrocknung gmbh","og_description":"Scopri le nostre condizioni generali - aare bautrocknung gmbh - Il vostro partner per l'essiccazione degli edifici","og_url":"https:\/\/aarebautrocknung.ch\/it\/gtc\/","og_site_name":"aare bautrocknung gmbh","article_publisher":"https:\/\/www.facebook.com\/profile.php?id=100063608648720","twitter_card":"summary_large_image","twitter_misc":{"Tempo di lettura stimato":"5 minuti"},"schema":{"@context":"https:\/\/schema.org","@graph":[{"@type":"WebPage","@id":"https:\/\/aarebautrocknung.ch\/it\/gtc\/","url":"https:\/\/aarebautrocknung.ch\/it\/gtc\/","name":"GTC - aare bautrocknung gmbh","isPartOf":{"@id":"https:\/\/aarebautrocknung.ch\/it\/#website"},"datePublished":"2025-01-26T21:26:59+00:00","description":"Scopri le nostre condizioni generali - aare bautrocknung gmbh - Il vostro partner per l'essiccazione degli edifici","breadcrumb":{"@id":"https:\/\/aarebautrocknung.ch\/it\/gtc\/#breadcrumb"},"inLanguage":"it-IT","potentialAction":[{"@type":"ReadAction","target":["https:\/\/aarebautrocknung.ch\/it\/gtc\/"]}]},{"@type":"BreadcrumbList","@id":"https:\/\/aarebautrocknung.ch\/it\/gtc\/#breadcrumb","itemListElement":[{"@type":"ListItem","position":1,"name":"Startseite","item":"https:\/\/aarebautrocknung.ch\/it\/pagina-iniziale\/"},{"@type":"ListItem","position":2,"name":"GTC"}]},{"@type":"WebSite","@id":"https:\/\/aarebautrocknung.ch\/it\/#website","url":"https:\/\/aarebautrocknung.ch\/it\/","name":"aare bautrocknung gmbh","description":"Bau &amp; Trocknung-Service","publisher":{"@id":"https:\/\/aarebautrocknung.ch\/it\/#organization"},"potentialAction":[{"@type":"SearchAction","target":{"@type":"EntryPoint","urlTemplate":"https:\/\/aarebautrocknung.ch\/it\/?s={search_term_string}"},"query-input":{"@type":"PropertyValueSpecification","valueRequired":true,"valueName":"search_term_string"}}],"inLanguage":"it-IT"},{"@type":"Organization","@id":"https:\/\/aarebautrocknung.ch\/it\/#organization","name":"aare bautrocknung gmbh","url":"https:\/\/aarebautrocknung.ch\/it\/","logo":{"@type":"ImageObject","inLanguage":"it-IT","@id":"https:\/\/aarebautrocknung.ch\/it\/#\/schema\/logo\/image\/","url":"https:\/\/aarebautrocknung.ch\/wp-content\/uploads\/2025\/02\/Logo-aare-bautrocknung-gmbh.jpg","contentUrl":"https:\/\/aarebautrocknung.ch\/wp-content\/uploads\/2025\/02\/Logo-aare-bautrocknung-gmbh.jpg","width":600,"height":211,"caption":"aare bautrocknung gmbh"},"image":{"@id":"https:\/\/aarebautrocknung.ch\/it\/#\/schema\/logo\/image\/"},"sameAs":["https:\/\/www.facebook.com\/profile.php?id=100063608648720","https:\/\/www.linkedin.com\/in\/francesco-innocente-38595117a\/","https:\/\/www.instagram.com\/aare_bautrocknung_gmbh\/"]}]}},"_links":{"self":[{"href":"https:\/\/aarebautrocknung.ch\/it\/wp-json\/wp\/v2\/pages\/773","targetHints":{"allow":["GET"]}}],"collection":[{"href":"https:\/\/aarebautrocknung.ch\/it\/wp-json\/wp\/v2\/pages"}],"about":[{"href":"https:\/\/aarebautrocknung.ch\/it\/wp-json\/wp\/v2\/types\/page"}],"author":[{"embeddable":true,"href":"https:\/\/aarebautrocknung.ch\/it\/wp-json\/wp\/v2\/users\/1"}],"replies":[{"embeddable":true,"href":"https:\/\/aarebautrocknung.ch\/it\/wp-json\/wp\/v2\/comments?post=773"}],"version-history":[{"count":0,"href":"https:\/\/aarebautrocknung.ch\/it\/wp-json\/wp\/v2\/pages\/773\/revisions"}],"wp:attachment":[{"href":"https:\/\/aarebautrocknung.ch\/it\/wp-json\/wp\/v2\/media?parent=773"}],"curies":[{"name":"wp","href":"https:\/\/api.w.org\/{rel}","templated":true}]}}